{"id":1346,"date":"2023-06-29T08:02:39","date_gmt":"2023-06-29T08:02:39","guid":{"rendered":"https:\/\/hi-nd-project.com\/installationer\/"},"modified":"2024-09-27T12:46:13","modified_gmt":"2024-09-27T12:46:13","slug":"installationer","status":"publish","type":"page","link":"https:\/\/hi-nd-project.com\/sv\/installationer\/","title":{"rendered":"Installationer"},"content":{"rendered":"\n<div class=\"is-divider divider clearfix\" style=\"height:10px;background-color:rgb(255, 255, 255);\"><\/div>\n\n\n\t<section class=\"section dark\" id=\"section_894451479\">\n\t\t<div class=\"section-bg fill\" >\n\t\t\t<img loading=\"lazy\" decoding=\"async\" width=\"2560\" height=\"1707\" src=\"https:\/\/hi-nd-project.com\/wp-content\/uploads\/2023\/06\/MG_9348-dualiso-scaled.jpg\" class=\"bg attachment- size-\" alt=\"\" \/>\t\t\t\t\t\t<div class=\"section-bg-overlay absolute fill\"><\/div>\n\t\t\t\n\n\t\t<\/div>\n\n\t\t\n\n\t\t<div class=\"section-content relative\">\n\t\t\t\n\n\t<div id=\"gap-26535260\" class=\"gap-element clearfix\" style=\"display:block; height:auto;\">\n\t\t\n<style>\n#gap-26535260 {\n  padding-top: 30px;\n}\n<\/style>\n\t<\/div>\n\t\n\n<div class=\"row align-right\"  id=\"row-1146000165\">\n\n\n\t<div id=\"col-1744393226\" class=\"col medium-7 small-12 large-5\"  >\n\t\t\t\t<div class=\"col-inner text-center\"  >\n\t\t\t\n\t\t\t\n\n\t<div id=\"text-2474163633\" class=\"text\">\n\t\t\n\n<h1>INSTALLATIONER<\/h1>\n\t\t\n<style>\n#text-2474163633 {\n  font-size: 1.75rem;\n}\n<\/style>\n\t<\/div>\n\t\n<p>HI-ND Project st\u00f6ttar \u00e5terf\u00f6rs\u00e4ljare med installation av digitala sk\u00e4rmar. <span class=\"Y2IQFc\" lang=\"en\">Vi kartl\u00e4gger dina behov, utv\u00e4rderar lokaler och platser, levererar produkterna samt utf\u00f6r installation och underh\u00e5ll.<\/span><\/p>\n\n\t\t<\/div>\n\t\t\t\t\t<\/div>\n\n\t\n\n<\/div>\n\n\t\t<\/div>\n\n\t\t\n<style>\n#section_894451479 {\n  padding-top: 30px;\n  padding-bottom: 30px;\n  min-height: 290px;\n}\n#section_894451479 .section-bg-overlay {\n  background-color: rgba(0, 0, 0, 0.16);\n}\n#section_894451479 .section-bg img {\n  object-position: 59% 38%;\n}\n@media (min-width:550px) {\n  #section_894451479 {\n    min-height: 350px;\n  }\n}\n<\/style>\n\t<\/section>\n\t\n\n\t<section class=\"section\" id=\"section_1190549313\">\n\t\t<div class=\"section-bg fill\" >\n\t\t\t\t\t\t\t\t\t\n\t\t\t\n\n\t\t<\/div>\n\n\t\t\n\n\t\t<div class=\"section-content relative\">\n\t\t\t\n\n\t<div id=\"gap-1096223108\" class=\"gap-element clearfix\" style=\"display:block; height:auto;\">\n\t\t\n<style>\n#gap-1096223108 {\n  padding-top: 30px;\n}\n<\/style>\n\t<\/div>\n\t\n\n<div class=\"row row-large\"  id=\"row-523496218\">\n\n\n\t<div id=\"col-755505945\" class=\"col medium-4 small-12 large-4\"  >\n\t\t\t\t<div class=\"col-inner text-center\"  >\n\t\t\t\n\t\t\t\n\n\t<div class=\"img has-hover x md-x lg-x y md-y lg-y\" id=\"image_1874203118\">\n\t\t\t\t\t\t\t\t<div class=\"img-inner image-cover dark\" style=\"padding-top:100px;\">\n\t\t\t<img loading=\"lazy\" decoding=\"async\" width=\"128\" height=\"128\" src=\"https:\/\/hi-nd-project.com\/wp-content\/uploads\/2023\/08\/8678483_edit_box_line_icon.png\" class=\"attachment-medium_large size-medium_large\" alt=\"\" srcset=\"https:\/\/hi-nd-project.com\/wp-content\/uploads\/2023\/08\/8678483_edit_box_line_icon.png 128w, https:\/\/hi-nd-project.com\/wp-content\/uploads\/2023\/08\/8678483_edit_box_line_icon-100x100.png 100w\" sizes=\"auto, (max-width: 128px) 100vw, 128px\" \/>\t\t\t\t\t\t\n\t\t\t\t\t<\/div>\n\t\t\t\t\t\t\t\t\n<style>\n#image_1874203118 {\n  width: 54%;\n}\n<\/style>\n\t<\/div>\n\t\n\n<h3>Unders\u00f6kning p\u00e5 plats<\/h3>\n<p>Vi hj\u00e4lper \u00e5terf\u00f6rs\u00e4ljare med utv\u00e4rdering av platser f\u00f6re installation<\/p>\n\n\t\t<\/div>\n\t\t\t\t\t<\/div>\n\n\t\n\n\t<div id=\"col-1004295216\" class=\"col medium-4 small-12 large-4\"  >\n\t\t\t\t<div class=\"col-inner text-center\"  >\n\t\t\t\n\t\t\t\n\n\t<div class=\"img has-hover x md-x lg-x y md-y lg-y\" id=\"image_1381242561\">\n\t\t\t\t\t\t\t\t<div class=\"img-inner image-cover dark\" style=\"padding-top:100px;\">\n\t\t\t<img loading=\"lazy\" decoding=\"async\" width=\"128\" height=\"128\" src=\"https:\/\/hi-nd-project.com\/wp-content\/uploads\/2023\/08\/8679633_truck_line_icon.png\" class=\"attachment-medium_large size-medium_large\" alt=\"\" srcset=\"https:\/\/hi-nd-project.com\/wp-content\/uploads\/2023\/08\/8679633_truck_line_icon.png 128w, https:\/\/hi-nd-project.com\/wp-content\/uploads\/2023\/08\/8679633_truck_line_icon-100x100.png 100w\" sizes=\"auto, (max-width: 128px) 100vw, 128px\" \/>\t\t\t\t\t\t\n\t\t\t\t\t<\/div>\n\t\t\t\t\t\t\t\t\n<style>\n#image_1381242561 {\n  width: 54%;\n}\n<\/style>\n\t<\/div>\n\t\n\n<h3>Transport<\/h3>\n<p>HI-ND kan hj\u00e4lpa \u00e5terf\u00f6rs\u00e4ljare med leverans till installationsplatsen<\/p>\n\n\t\t<\/div>\n\t\t\t\t\t<\/div>\n\n\t\n\n\t<div id=\"col-682846257\" class=\"col medium-4 small-12 large-4\"  >\n\t\t\t\t<div class=\"col-inner text-center\"  >\n\t\t\t\n\t\t\t\n\n\t<div class=\"img has-hover x md-x lg-x y md-y lg-y\" id=\"image_2067685564\">\n\t\t\t\t\t\t\t\t<div class=\"img-inner image-cover dark\" style=\"padding-top:100px;\">\n\t\t\t<img loading=\"lazy\" decoding=\"async\" width=\"128\" height=\"128\" src=\"https:\/\/hi-nd-project.com\/wp-content\/uploads\/2023\/08\/8678786_tv_monitor_icon.png\" class=\"attachment-medium_large size-medium_large\" alt=\"\" srcset=\"https:\/\/hi-nd-project.com\/wp-content\/uploads\/2023\/08\/8678786_tv_monitor_icon.png 128w, https:\/\/hi-nd-project.com\/wp-content\/uploads\/2023\/08\/8678786_tv_monitor_icon-100x100.png 100w\" sizes=\"auto, (max-width: 128px) 100vw, 128px\" \/>\t\t\t\t\t\t\n\t\t\t\t\t<\/div>\n\t\t\t\t\t\t\t\t\n<style>\n#image_2067685564 {\n  width: 54%;\n}\n<\/style>\n\t<\/div>\n\t\n\n<h3>Installation<\/h3>\n<p>HI-ND Project st\u00f6ttar \u00e5terf\u00f6rs\u00e4ljare med installationer<\/p>\n\n\t\t<\/div>\n\t\t\t\t\t<\/div>\n\n\t\n\n<\/div>\n\n\t\t<\/div>\n\n\t\t\n<style>\n#section_1190549313 {\n  padding-top: 20px;\n  padding-bottom: 20px;\n}\n@media (min-width:550px) {\n  #section_1190549313 {\n    padding-top: 1px;\n    padding-bottom: 1px;\n  }\n}\n<\/style>\n\t<\/section>\n\t\n<div class=\"row\"  id=\"row-682718791\">\n\n\n\t<div id=\"col-1452157068\" class=\"col small-12 large-12\"  >\n\t\t\t\t<div class=\"col-inner\"  >\n\t\t\t\n\t\t\t\n\n<div class=\"row row-collapse align-equal\"  id=\"row-122289394\">\n\n\n\t<div id=\"col-853986043\" class=\"col medium-4 small-12 large-4\"  >\n\t\t\t\t<div class=\"col-inner text-center dark\" style=\"background-color:rgb(174, 198, 222);\" >\n\t\t\t\n\t\t\t\n\n\t<div id=\"gap-1927566819\" class=\"gap-element clearfix\" style=\"display:block; height:auto;\">\n\t\t\n<style>\n#gap-1927566819 {\n  padding-top: 10px;\n}\n@media (min-width:550px) {\n  #gap-1927566819 {\n    padding-top: 25px;\n  }\n}\n@media (min-width:850px) {\n  #gap-1927566819 {\n    padding-top: 10px;\n  }\n}\n<\/style>\n\t<\/div>\n\t\n\n\t<div id=\"text-3315549044\" class=\"text\">\n\t\t\n\n<h3>Restauranger<br>\n<\/h3>\n\t\t\n<style>\n#text-3315549044 {\n  font-size: 1.75rem;\n  line-height: 1;\n}\n@media (min-width:550px) {\n  #text-3315549044 {\n    font-size: 1.25rem;\n  }\n}\n@media (min-width:850px) {\n  #text-3315549044 {\n    font-size: 1.5rem;\n    line-height: 0.75;\n  }\n}\n<\/style>\n\t<\/div>\n\t\n<p>Menyrader och drive thru<\/p>\n\n\t\t<\/div>\n\t\t\t\t\n<style>\n#col-853986043 > .col-inner {\n  padding: 15% 10% 10% 10%;\n}\n<\/style>\n\t<\/div>\n\n\t\n\n\t<div id=\"col-145545851\" class=\"col medium-4 small-12 large-4\"  >\n\t\t\t\t<div class=\"col-inner text-center dark\" style=\"background-color:rgb(157, 184, 211);\" >\n\t\t\t\n\t\t\t\n\n\t<div id=\"gap-1250543081\" class=\"gap-element clearfix\" style=\"display:block; height:auto;\">\n\t\t\n<style>\n#gap-1250543081 {\n  padding-top: 10px;\n}\n<\/style>\n\t<\/div>\n\t\n\n\t<div id=\"text-4082858496\" class=\"text\">\n\t\t\n\n<h3>K\u00f6pcentrum<br>\n<\/h3>\n\t\t\n<style>\n#text-4082858496 {\n  font-size: 1.75rem;\n  line-height: 0.75;\n}\n@media (min-width:550px) {\n  #text-4082858496 {\n    font-size: 1.25rem;\n  }\n}\n@media (min-width:850px) {\n  #text-4082858496 {\n    font-size: 1.5rem;\n  }\n}\n<\/style>\n\t<\/div>\n\t\n<p>Reklam och v\u00e4gvisning<\/p>\n\n\t\t<\/div>\n\t\t\t\t\n<style>\n#col-145545851 > .col-inner {\n  padding: 15% 10% 10% 10%;\n}\n<\/style>\n\t<\/div>\n\n\t\n\n\t<div id=\"col-590199403\" class=\"col medium-4 small-12 large-4\"  >\n\t\t\t\t<div class=\"col-inner text-center dark\" style=\"background-color:rgb(174, 198, 222);\" >\n\t\t\t\n\t\t\t\n\n\t<div id=\"gap-1477324715\" class=\"gap-element clearfix\" style=\"display:block; height:auto;\">\n\t\t\n<style>\n#gap-1477324715 {\n  padding-top: 10px;\n}\n@media (min-width:550px) {\n  #gap-1477324715 {\n    padding-top: 25px;\n  }\n}\n@media (min-width:850px) {\n  #gap-1477324715 {\n    padding-top: 10px;\n  }\n}\n<\/style>\n\t<\/div>\n\t\n\n\t<div id=\"text-1255312454\" class=\"text\">\n\t\t\n\n<h3>Konferensrum<\/h3>\n\t\t\n<style>\n#text-1255312454 {\n  font-size: 1.75rem;\n  line-height: 1.25;\n}\n@media (min-width:550px) {\n  #text-1255312454 {\n    font-size: 1.25rem;\n  }\n}\n@media (min-width:850px) {\n  #text-1255312454 {\n    font-size: 1.5rem;\n    line-height: 0.75;\n  }\n}\n<\/style>\n\t<\/div>\n\t\n<p>Sk\u00e4rmar, kamera, ljud<\/p>\n\n\t\t<\/div>\n\t\t\t\t\n<style>\n#col-590199403 > .col-inner {\n  padding: 15% 10% 10% 10%;\n}\n<\/style>\n\t<\/div>\n\n\t\n\n\t<div id=\"col-562877614\" class=\"col medium-4 small-12 large-4\"  >\n\t\t\t\t<div class=\"col-inner dark\" style=\"background-color:rgb(157, 184, 211);\" >\n\t\t\t\n\t\t\t\n\n\t<div id=\"gap-287436595\" class=\"gap-element clearfix\" style=\"display:block; height:auto;\">\n\t\t\n<style>\n#gap-287436595 {\n  padding-top: 35px;\n}\n<\/style>\n\t<\/div>\n\t\n\n\t<div id=\"text-3221049045\" class=\"text\">\n\t\t\n\n<h3>Detaljhandel<br>\n<\/h3>\n\t\t\n<style>\n#text-3221049045 {\n  font-size: 1.5rem;\n  line-height: 0.75;\n  text-align: center;\n  color: rgb(255, 255, 255);\n}\n#text-3221049045 > * {\n  color: rgb(255, 255, 255);\n}\n<\/style>\n\t<\/div>\n\t\n\t<div id=\"text-562962704\" class=\"text\">\n\t\t\n\n<p>Skyltf\u00f6nster, v\u00e4gg, golvst\u00e5nd<\/p>\n\t\t\n<style>\n#text-562962704 {\n  text-align: center;\n  color: rgb(255, 255, 255);\n}\n#text-562962704 > * {\n  color: rgb(255, 255, 255);\n}\n<\/style>\n\t<\/div>\n\t\n\t<div id=\"gap-1180216179\" class=\"gap-element clearfix\" style=\"display:block; height:auto;\">\n\t\t\n<style>\n#gap-1180216179 {\n  padding-top: 20px;\n}\n<\/style>\n\t<\/div>\n\t\n\n\n\t\t<\/div>\n\t\t\t\t\n<style>\n#col-562877614 > .col-inner {\n  padding: 15px 10px 10px 10px;\n}\n<\/style>\n\t<\/div>\n\n\t\n\n\t<div id=\"col-2046348553\" class=\"col medium-4 small-12 large-4\"  >\n\t\t\t\t<div class=\"col-inner\" style=\"background-color:rgb(174, 198, 222);\" >\n\t\t\t\n\t\t\t\n\n\t<div id=\"gap-482708208\" class=\"gap-element clearfix\" style=\"display:block; height:auto;\">\n\t\t\n<style>\n#gap-482708208 {\n  padding-top: 30px;\n}\n<\/style>\n\t<\/div>\n\t\n\n\t<div id=\"text-2434141058\" class=\"text\">\n\t\t\n\n<h3>Showroom<br>\n<\/h3>\n\t\t\n<style>\n#text-2434141058 {\n  font-size: 1.5rem;\n  line-height: 0.75;\n  text-align: center;\n  color: rgb(255, 255, 255);\n}\n#text-2434141058 > * {\n  color: rgb(255, 255, 255);\n}\n<\/style>\n\t<\/div>\n\t\n\t<div id=\"text-3474332264\" class=\"text\">\n\t\t\n\n<p style=\"text-align: center;\">LED-v\u00e4ggar, LCD-v\u00e4ggar, touch-l\u00f6sningar<\/p>\n\t\t\n<style>\n#text-3474332264 {\n  color: rgb(255, 255, 255);\n}\n#text-3474332264 > * {\n  color: rgb(255, 255, 255);\n}\n<\/style>\n\t<\/div>\n\t\n\n\t\t<\/div>\n\t\t\t\t\n<style>\n#col-2046348553 > .col-inner {\n  padding: 15px 10px 10px 10px;\n}\n<\/style>\n\t<\/div>\n\n\t\n\n\t<div id=\"col-1253191256\" class=\"col medium-4 small-12 large-4\"  >\n\t\t\t\t<div class=\"col-inner dark\" style=\"background-color:rgb(157, 184, 211);\" >\n\t\t\t\n\t\t\t\n\n\t<div id=\"gap-836587098\" class=\"gap-element clearfix\" style=\"display:block; height:auto;\">\n\t\t\n<style>\n#gap-836587098 {\n  padding-top: 30px;\n}\n<\/style>\n\t<\/div>\n\t\n\n\t<div id=\"text-3466671958\" class=\"text\">\n\t\t\n\n<h3 style=\"text-align: center;\">Utomhus<\/h3>\n\t\t\n<style>\n#text-3466671958 {\n  font-size: 1.5rem;\n  line-height: 0.75;\n  text-align: center;\n  color: rgb(255, 255, 255);\n}\n#text-3466671958 > * {\n  color: rgb(255, 255, 255);\n}\n<\/style>\n\t<\/div>\n\t\n\t<div id=\"text-4218403975\" class=\"text\">\n\t\t\n\n<p>Totem, LED-skyltar, Drive true<\/p>\n\t\t\n<style>\n#text-4218403975 {\n  text-align: center;\n}\n<\/style>\n\t<\/div>\n\t\n\n\t\t<\/div>\n\t\t\t\t\n<style>\n#col-1253191256 > .col-inner {\n  padding: 15px 10px 10px 10px;\n}\n<\/style>\n\t<\/div>\n\n\t\n\n<\/div>\n\n\t\t<\/div>\n\t\t\t\t\t<\/div>\n\n\t\n\n<\/div>\n\t<div id=\"gap-889173774\" class=\"gap-element clearfix\" style=\"display:block; height:auto;\">\n\t\t\n<style>\n#gap-889173774 {\n  padding-top: 40px;\n}\n<\/style>\n\t<\/div>\n\t\n\n\n  <div class=\"banner has-hover has-video sticky-section is-full-height\" id=\"banner-59934301\">\n          <div class=\"banner-inner fill\">\n        <div class=\"banner-bg fill\" >\n                        \t<div class=\"video-overlay no-click fill visible\"><\/div>\n\t<video class=\"video-bg fill visible\" preload playsinline autoplay muted loop>\n\t\t<source src=\"https:\/\/hi-nd-project.com\/wp-content\/uploads\/2023\/07\/OO-Gallerian-1.mp4\" type=\"video\/mp4\">\t<\/video>\n                        \n                    <\/div>\n\t\t\n        <div class=\"banner-layers container\">\n            <a class=\"fill\" href=\"http:\/\/Portf\u00f6lj\"><div class=\"fill banner-link\"><\/div><\/a>            \n\n   <div id=\"text-box-72061911\" class=\"text-box banner-layer x80 md-x80 lg-x80 y10 md-y10 lg-y10 res-text\">\n                                <div class=\"text-box-content text dark text-shadow-4\">\n              \n              <div class=\"text-inner text-center\">\n                  \n\n\t<div id=\"text-1788962989\" class=\"text\">\n\t\t\n\n<h3 class=\"uppercase\" style=\"text-align: center;\"><strong>kostnadseffektiv installation<\/strong><\/h3>\n<p style=\"text-align: center;\">&nbsp;<\/p>\n\t\t\n<style>\n#text-1788962989 {\n  text-align: center;\n}\n<\/style>\n\t<\/div>\n\t\n\n              <\/div>\n           <\/div>\n                            \n<style>\n#text-box-72061911 {\n  width: 60%;\n}\n#text-box-72061911 .text-box-content {\n  font-size: 100%;\n}\n<\/style>\n    <\/div>\n \n\n        <\/div>\n      <\/div>\n\n            \n<style>\n#banner-59934301 {\n  padding-top: 100%;\n}\n<\/style>\n  <\/div>\n\n\n\t<div id=\"gap-500972439\" class=\"gap-element clearfix\" style=\"display:block; height:auto;\">\n\t\t\n<style>\n#gap-500972439 {\n  padding-top: 50px;\n}\n<\/style>\n\t<\/div>\n\t\n\n\n","protected":false},"excerpt":{"rendered":"","protected":false},"author":1,"featured_media":0,"parent":0,"menu_order":0,"comment_status":"closed","ping_status":"closed","template":"","meta":{"_uag_custom_page_level_css":"","footnotes":""},"class_list":["post-1346","page","type-page","status-publish","hentry"],"uagb_featured_image_src":{"full":false,"thumbnail":false,"medium":false,"medium_large":false,"large":false,"1536x1536":false,"2048x2048":false,"mailpoet_newsletter_max":false,"woocommerce_thumbnail":false,"woocommerce_single":false,"woocommerce_gallery_thumbnail":false},"uagb_author_info":{"display_name":"hi-nd-project.com","author_link":"https:\/\/hi-nd-project.com\/sv\/author\/hi-nd-project-com\/"},"uagb_comment_info":0,"uagb_excerpt":null,"jetpack_sharing_enabled":true,"_links":{"self":[{"href":"https:\/\/hi-nd-project.com\/sv\/wp-json\/wp\/v2\/pages\/1346","targetHints":{"allow":["GET"]}}],"collection":[{"href":"https:\/\/hi-nd-project.com\/sv\/wp-json\/wp\/v2\/pages"}],"about":[{"href":"https:\/\/hi-nd-project.com\/sv\/wp-json\/wp\/v2\/types\/page"}],"author":[{"embeddable":true,"href":"https:\/\/hi-nd-project.com\/sv\/wp-json\/wp\/v2\/users\/1"}],"replies":[{"embeddable":true,"href":"https:\/\/hi-nd-project.com\/sv\/wp-json\/wp\/v2\/comments?post=1346"}],"version-history":[{"count":5,"href":"https:\/\/hi-nd-project.com\/sv\/wp-json\/wp\/v2\/pages\/1346\/revisions"}],"predecessor-version":[{"id":1505,"href":"https:\/\/hi-nd-project.com\/sv\/wp-json\/wp\/v2\/pages\/1346\/revisions\/1505"}],"wp:attachment":[{"href":"https:\/\/hi-nd-project.com\/sv\/wp-json\/wp\/v2\/media?parent=1346"}],"curies":[{"name":"wp","href":"https:\/\/api.w.org\/{rel}","templated":true}]}}