{"id":1335,"date":"2023-06-19T09:51:13","date_gmt":"2023-06-19T09:51:13","guid":{"rendered":"https:\/\/hi-nd-project.com\/om-oss\/"},"modified":"2024-09-27T12:48:23","modified_gmt":"2024-09-27T12:48:23","slug":"om-oss","status":"publish","type":"page","link":"https:\/\/hi-nd-project.com\/sv\/om-oss\/","title":{"rendered":"Om oss"},"content":{"rendered":"\n\n\t<section class=\"section\" id=\"section_879086697\">\n\t\t<div class=\"section-bg fill\" >\n\t\t\t\t\t\t\t\t\t\n\t\t\t\n\n\t\t<\/div>\n\n\t\t\n\n\t\t<div class=\"section-content relative\">\n\t\t\t\n\n<div class=\"row align-center\"  id=\"row-416576644\">\n\n\n\t<div id=\"col-1080229648\" class=\"col medium-6 small-12 large-8\"  >\n\t\t\t\t<div class=\"col-inner text-center\"  >\n\t\t\t\n\t\t\t\n\n\t<div id=\"gap-432331135\" class=\"gap-element clearfix\" style=\"display:block; height:auto;\">\n\t\t\n<style>\n#gap-432331135 {\n  padding-top: 30px;\n}\n<\/style>\n\t<\/div>\n\t\n\n\t<div id=\"text-3210136792\" class=\"text\">\n\t\t\n\n<h1>Om oss<\/h1>\n\t\t\n<style>\n#text-3210136792 {\n  font-size: 2.25rem;\n  line-height: 0.75;\n}\n<\/style>\n\t<\/div>\n\t\n<p>HI-ND Project st\u00f6ttar \u00e5terf\u00f6rs\u00e4ljare med professionella och kostnadseffektiva installationer av&nbsp; produkter fr\u00e5n HI-ND. Som \u00e5terf\u00f6rs\u00e4ljare k\u00f6per du fortfarande sk\u00e4rmar, datorer och f\u00e4sten fr\u00e5n din lokala distribut\u00f6r. Vi arbetar inom f\u00f6ljande omr\u00e5den:<\/p>\n\n\t\t<\/div>\n\t\t\t\t\t<\/div>\n\n\t\n\n<\/div>\n<div class=\"row row-small align-equal row-box-shadow-3-hover\"  id=\"row-38856292\">\n\n\n\t<div id=\"col-996507429\" class=\"col medium-4 small-12 large-4\"  >\n\t\t\t\t<div class=\"col-inner\" style=\"background-color:rgb(255, 250, 238);\" >\n\t\t\t\n\t\t\t\n\n\n\t<a class=\"plain\" href=\"#\" >\t<div class=\"icon-box featured-box icon-box-center text-center\"  >\n\t\t\t\t\t<div class=\"icon-box-img\" style=\"width: 50px\">\n\t\t\t\t<div class=\"icon\">\n\t\t\t\t\t<div class=\"icon-inner\" >\n\t\t\t\t\t\t<img loading=\"lazy\" decoding=\"async\" width=\"128\" height=\"128\" src=\"https:\/\/hi-nd-project.com\/wp-content\/uploads\/2023\/08\/8678786_tv_monitor_icon.png\" class=\"attachment-medium size-medium\" alt=\"\" srcset=\"https:\/\/hi-nd-project.com\/wp-content\/uploads\/2023\/08\/8678786_tv_monitor_icon.png 128w, https:\/\/hi-nd-project.com\/wp-content\/uploads\/2023\/08\/8678786_tv_monitor_icon-100x100.png 100w\" sizes=\"auto, (max-width: 128px) 100vw, 128px\" \/>\t\t\t\t\t<\/div>\n\t\t\t\t<\/div>\n\t\t\t<\/div>\n\t\t\t\t<div class=\"icon-box-text last-reset\">\n\t\t\t\t\t\t\t\t\t\n\n\t<div id=\"text-1270333926\" class=\"text\">\n\t\t\n\n<h2>Installation<\/h2>\n\t\t\n<style>\n#text-1270333926 {\n  font-size: 1rem;\n}\n@media (min-width:850px) {\n  #text-1270333926 {\n    font-size: 1.25rem;\n  }\n}\n<\/style>\n\t<\/div>\n\t\n\t<div id=\"gap-1855428486\" class=\"gap-element clearfix\" style=\"display:block; height:auto;\">\n\t\t\n<style>\n#gap-1855428486 {\n  padding-top: 10px;\n}\n<\/style>\n\t<\/div>\n\t\n\n<a href=\"https:\/\/hi-nd-project.com\/sv\/installationer\/\" class=\"button secondary is-link is-small\" >\n\t\t<span>L\u00e4s mer<\/span>\n\t<i class=\"icon-angle-right\" aria-hidden=\"true\"><\/i><\/a>\n\n\n\n\t\t<\/div>\n\t<\/div>\n\t<\/a>\n\t\n\n\t\t<\/div>\n\t\t\t\t\t<\/div>\n\n\t\n\n\t<div id=\"col-845714224\" class=\"col medium-4 small-12 large-4\"  >\n\t\t\t\t<div class=\"col-inner\" style=\"background-color:rgb(235, 241, 251);\" >\n\t\t\t\n\t\t\t\n\n\n\t<a class=\"plain\" href=\"#\" >\t<div class=\"icon-box featured-box icon-box-center text-center\"  >\n\t\t\t\t\t<div class=\"icon-box-img\" style=\"width: 50px\">\n\t\t\t\t<div class=\"icon\">\n\t\t\t\t\t<div class=\"icon-inner\" >\n\t\t\t\t\t\t<img loading=\"lazy\" decoding=\"async\" width=\"128\" height=\"128\" src=\"https:\/\/hi-nd-project.com\/wp-content\/uploads\/2023\/08\/8678409_tools_settings_icon.png\" class=\"attachment-medium size-medium\" alt=\"\" srcset=\"https:\/\/hi-nd-project.com\/wp-content\/uploads\/2023\/08\/8678409_tools_settings_icon.png 128w, https:\/\/hi-nd-project.com\/wp-content\/uploads\/2023\/08\/8678409_tools_settings_icon-100x100.png 100w\" sizes=\"auto, (max-width: 128px) 100vw, 128px\" \/>\t\t\t\t\t<\/div>\n\t\t\t\t<\/div>\n\t\t\t<\/div>\n\t\t\t\t<div class=\"icon-box-text last-reset\">\n\t\t\t\t\t\t\t\t\t\n\n\t<div id=\"text-3671832018\" class=\"text\">\n\t\t\n\n<h2>Service p\u00e5 plats<\/h2>\n\t\t\n<style>\n#text-3671832018 {\n  font-size: 1rem;\n}\n@media (min-width:850px) {\n  #text-3671832018 {\n    font-size: 1.25rem;\n  }\n}\n<\/style>\n\t<\/div>\n\t\n\t<div id=\"gap-1788935024\" class=\"gap-element clearfix\" style=\"display:block; height:auto;\">\n\t\t\n<style>\n#gap-1788935024 {\n  padding-top: 10px;\n}\n<\/style>\n\t<\/div>\n\t\n\n<a href=\"https:\/\/hi-nd-project.com\/sv\/installationer\/\" class=\"button secondary is-link is-small\" >\n\t\t<span>L\u00e4s mer<\/span>\n\t<i class=\"icon-angle-right\" aria-hidden=\"true\"><\/i><\/a>\n\n\n\n\t\t<\/div>\n\t<\/div>\n\t<\/a>\n\t\n\n\t\t<\/div>\n\t\t\t\t\t<\/div>\n\n\t\n\n\t<div id=\"col-1379890556\" class=\"col medium-4 small-12 large-4\"  >\n\t\t\t\t<div class=\"col-inner\" style=\"background-color:rgb(255, 241, 250);\" >\n\t\t\t\n\t\t\t\n\n\n\t<a class=\"plain\" href=\"#\" >\t<div class=\"icon-box featured-box icon-box-center text-center\"  >\n\t\t\t\t\t<div class=\"icon-box-img\" style=\"width: 50px\">\n\t\t\t\t<div class=\"icon\">\n\t\t\t\t\t<div class=\"icon-inner\" >\n\t\t\t\t\t\t<img loading=\"lazy\" decoding=\"async\" width=\"128\" height=\"128\" src=\"https:\/\/hi-nd-project.com\/wp-content\/uploads\/2023\/08\/8679633_truck_line_icon.png\" class=\"attachment-medium size-medium\" alt=\"\" srcset=\"https:\/\/hi-nd-project.com\/wp-content\/uploads\/2023\/08\/8679633_truck_line_icon.png 128w, https:\/\/hi-nd-project.com\/wp-content\/uploads\/2023\/08\/8679633_truck_line_icon-100x100.png 100w\" sizes=\"auto, (max-width: 128px) 100vw, 128px\" \/>\t\t\t\t\t<\/div>\n\t\t\t\t<\/div>\n\t\t\t<\/div>\n\t\t\t\t<div class=\"icon-box-text last-reset\">\n\t\t\t\t\t\t\t\t\t\n\n\t<div id=\"text-1223436101\" class=\"text\">\n\t\t\n\n<h2>Transport<\/h2>\n\t\t\n<style>\n#text-1223436101 {\n  font-size: 1rem;\n}\n@media (min-width:850px) {\n  #text-1223436101 {\n    font-size: 1.25rem;\n  }\n}\n<\/style>\n\t<\/div>\n\t\n\t<div id=\"gap-953377994\" class=\"gap-element clearfix\" style=\"display:block; height:auto;\">\n\t\t\n<style>\n#gap-953377994 {\n  padding-top: 10px;\n}\n<\/style>\n\t<\/div>\n\t\n\n<a href=\"https:\/\/hi-nd-project.com\/sv\/installationer\/\" class=\"button secondary is-link is-small\" >\n\t\t<span>L\u00e4s mer<\/span>\n\t<i class=\"icon-angle-right\" aria-hidden=\"true\"><\/i><\/a>\n\n\n\n\t\t<\/div>\n\t<\/div>\n\t<\/a>\n\t\n\n\t\t<\/div>\n\t\t\t\t\t<\/div>\n\n\t\n\n\t<div id=\"col-910590636\" class=\"col medium-4 small-12 large-4\"  >\n\t\t\t\t<div class=\"col-inner\" style=\"background-color:rgb(237, 250, 254);\" >\n\t\t\t\n\t\t\t\n\n\n\t<a class=\"plain\" href=\"#\" >\t<div class=\"icon-box featured-box icon-box-center text-center\"  >\n\t\t\t\t\t<div class=\"icon-box-img\" style=\"width: 50px\">\n\t\t\t\t<div class=\"icon\">\n\t\t\t\t\t<div class=\"icon-inner\" >\n\t\t\t\t\t\t<img loading=\"lazy\" decoding=\"async\" width=\"128\" height=\"128\" src=\"https:\/\/hi-nd-project.com\/wp-content\/uploads\/2023\/08\/8678483_edit_box_line_icon.png\" class=\"attachment-medium size-medium\" alt=\"\" srcset=\"https:\/\/hi-nd-project.com\/wp-content\/uploads\/2023\/08\/8678483_edit_box_line_icon.png 128w, https:\/\/hi-nd-project.com\/wp-content\/uploads\/2023\/08\/8678483_edit_box_line_icon-100x100.png 100w\" sizes=\"auto, (max-width: 128px) 100vw, 128px\" \/>\t\t\t\t\t<\/div>\n\t\t\t\t<\/div>\n\t\t\t<\/div>\n\t\t\t\t<div class=\"icon-box-text last-reset\">\n\t\t\t\t\t\t\t\t\t\n\n\t<div id=\"text-3265495677\" class=\"text\">\n\t\t\n\n<h2>Platsf\u00f6rberedelse<\/h2>\n\t\t\n<style>\n#text-3265495677 {\n  font-size: 1rem;\n}\n@media (min-width:850px) {\n  #text-3265495677 {\n    font-size: 1.25rem;\n  }\n}\n<\/style>\n\t<\/div>\n\t\n\t<div id=\"gap-1075458245\" class=\"gap-element clearfix\" style=\"display:block; height:auto;\">\n\t\t\n<style>\n#gap-1075458245 {\n  padding-top: 10px;\n}\n<\/style>\n\t<\/div>\n\t\n\n<a href=\"https:\/\/hi-nd-project.com\/sv\/installationer\/\" class=\"button secondary is-link is-small\" >\n\t\t<span>L\u00e4s mer<\/span>\n\t<i class=\"icon-angle-right\" aria-hidden=\"true\"><\/i><\/a>\n\n\n\n\t\t<\/div>\n\t<\/div>\n\t<\/a>\n\t\n\n\t\t<\/div>\n\t\t\t\t\t<\/div>\n\n\t\n\n\t<div id=\"col-74570406\" class=\"col medium-4 small-12 large-4\"  >\n\t\t\t\t<div class=\"col-inner\" style=\"background-color:rgb(241, 234, 254);\" >\n\t\t\t\n\t\t\t\n\n\n\t<a class=\"plain\" href=\"#\" >\t<div class=\"icon-box featured-box icon-box-center text-center\"  >\n\t\t\t\t\t<div class=\"icon-box-img\" style=\"width: 50px\">\n\t\t\t\t<div class=\"icon\">\n\t\t\t\t\t<div class=\"icon-inner\" >\n\t\t\t\t\t\t<img loading=\"lazy\" decoding=\"async\" width=\"128\" height=\"128\" src=\"https:\/\/hi-nd-project.com\/wp-content\/uploads\/2023\/08\/8679347_windows_icon.png\" class=\"attachment-medium size-medium\" alt=\"\" srcset=\"https:\/\/hi-nd-project.com\/wp-content\/uploads\/2023\/08\/8679347_windows_icon.png 128w, https:\/\/hi-nd-project.com\/wp-content\/uploads\/2023\/08\/8679347_windows_icon-100x100.png 100w\" sizes=\"auto, (max-width: 128px) 100vw, 128px\" \/>\t\t\t\t\t<\/div>\n\t\t\t\t<\/div>\n\t\t\t<\/div>\n\t\t\t\t<div class=\"icon-box-text last-reset\">\n\t\t\t\t\t\t\t\t\t\n\n\t<div id=\"text-2211207979\" class=\"text\">\n\t\t\n\n<h2>LED-f\u00e4sten<\/h2>\n\t\t\n<style>\n#text-2211207979 {\n  font-size: 1rem;\n}\n@media (min-width:850px) {\n  #text-2211207979 {\n    font-size: 1.25rem;\n  }\n}\n<\/style>\n\t<\/div>\n\t\n\t<div id=\"gap-812408851\" class=\"gap-element clearfix\" style=\"display:block; height:auto;\">\n\t\t\n<style>\n#gap-812408851 {\n  padding-top: 10px;\n}\n<\/style>\n\t<\/div>\n\t\n\n<a class=\"button secondary is-link is-small\" >\n\t\t<span>L\u00e4s mer<\/span>\n\t<i class=\"icon-angle-right\" aria-hidden=\"true\"><\/i><\/a>\n\n\n\n\t\t<\/div>\n\t<\/div>\n\t<\/a>\n\t\n\n\t\t<\/div>\n\t\t\t\t\t<\/div>\n\n\t\n\n\t<div id=\"col-1521609294\" class=\"col medium-4 small-12 large-4\"  >\n\t\t\t\t<div class=\"col-inner\" style=\"background-color:rgb(228, 248, 246);\" >\n\t\t\t\n\t\t\t\n\n\n\t<a class=\"plain\" href=\"#\" >\t<div class=\"icon-box featured-box icon-box-center text-center\"  >\n\t\t\t\t\t<div class=\"icon-box-img\" style=\"width: 50px\">\n\t\t\t\t<div class=\"icon\">\n\t\t\t\t\t<div class=\"icon-inner\" >\n\t\t\t\t\t\t<img loading=\"lazy\" decoding=\"async\" width=\"128\" height=\"128\" src=\"https:\/\/hi-nd-project.com\/wp-content\/uploads\/2023\/08\/8678958_keynote_speech_icon.png\" class=\"attachment-medium size-medium\" alt=\"\" srcset=\"https:\/\/hi-nd-project.com\/wp-content\/uploads\/2023\/08\/8678958_keynote_speech_icon.png 128w, https:\/\/hi-nd-project.com\/wp-content\/uploads\/2023\/08\/8678958_keynote_speech_icon-100x100.png 100w\" sizes=\"auto, (max-width: 128px) 100vw, 128px\" \/>\t\t\t\t\t<\/div>\n\t\t\t\t<\/div>\n\t\t\t<\/div>\n\t\t\t\t<div class=\"icon-box-text last-reset\">\n\t\t\t\t\t\t\t\t\t\n\n\t<div id=\"text-2047201175\" class=\"text\">\n\t\t\n\n<h2>Markarbete<\/h2>\n\t\t\n<style>\n#text-2047201175 {\n  font-size: 1rem;\n}\n@media (min-width:850px) {\n  #text-2047201175 {\n    font-size: 1.25rem;\n  }\n}\n<\/style>\n\t<\/div>\n\t\n\t<div id=\"gap-736997502\" class=\"gap-element clearfix\" style=\"display:block; height:auto;\">\n\t\t\n<style>\n#gap-736997502 {\n  padding-top: 10px;\n}\n<\/style>\n\t<\/div>\n\t\n\n<a class=\"button secondary is-link is-small\" >\n\t\t<span>L\u00e4s mer<\/span>\n\t<i class=\"icon-angle-right\" aria-hidden=\"true\"><\/i><\/a>\n\n\n\n\t\t<\/div>\n\t<\/div>\n\t<\/a>\n\t\n\n\t\t<\/div>\n\t\t\t\t\t<\/div>\n\n\t\n\n\n<style>\n#row-38856292 > .col > .col-inner {\n  padding: 30px 20px 30px 20px;\n  border-radius: 5px;\n}\n@media (min-width:850px) {\n  #row-38856292 > .col > .col-inner {\n    padding: 70px 40px 70px 40px;\n  }\n}\n<\/style>\n<\/div>\n\n\t\t<\/div>\n\n\t\t\n<style>\n#section_879086697 {\n  padding-top: 40px;\n  padding-bottom: 40px;\n}\n@media (min-width:550px) {\n  #section_879086697 {\n    padding-top: 70px;\n    padding-bottom: 70px;\n  }\n}\n<\/style>\n\t<\/section>\n\t\n\n","protected":false},"excerpt":{"rendered":"","protected":false},"author":1,"featured_media":0,"parent":0,"menu_order":0,"comment_status":"closed","ping_status":"closed","template":"","meta":{"_uag_custom_page_level_css":"","footnotes":""},"class_list":["post-1335","page","type-page","status-publish","hentry"],"uagb_featured_image_src":{"full":false,"thumbnail":false,"medium":false,"medium_large":false,"large":false,"1536x1536":false,"2048x2048":false,"mailpoet_newsletter_max":false,"woocommerce_thumbnail":false,"woocommerce_single":false,"woocommerce_gallery_thumbnail":false},"uagb_author_info":{"display_name":"hi-nd-project.com","author_link":"https:\/\/hi-nd-project.com\/sv\/author\/hi-nd-project-com\/"},"uagb_comment_info":0,"uagb_excerpt":null,"jetpack_sharing_enabled":true,"_links":{"self":[{"href":"https:\/\/hi-nd-project.com\/sv\/wp-json\/wp\/v2\/pages\/1335","targetHints":{"allow":["GET"]}}],"collection":[{"href":"https:\/\/hi-nd-project.com\/sv\/wp-json\/wp\/v2\/pages"}],"about":[{"href":"https:\/\/hi-nd-project.com\/sv\/wp-json\/wp\/v2\/types\/page"}],"author":[{"embeddable":true,"href":"https:\/\/hi-nd-project.com\/sv\/wp-json\/wp\/v2\/users\/1"}],"replies":[{"embeddable":true,"href":"https:\/\/hi-nd-project.com\/sv\/wp-json\/wp\/v2\/comments?post=1335"}],"version-history":[{"count":16,"href":"https:\/\/hi-nd-project.com\/sv\/wp-json\/wp\/v2\/pages\/1335\/revisions"}],"predecessor-version":[{"id":1509,"href":"https:\/\/hi-nd-project.com\/sv\/wp-json\/wp\/v2\/pages\/1335\/revisions\/1509"}],"wp:attachment":[{"href":"https:\/\/hi-nd-project.com\/sv\/wp-json\/wp\/v2\/media?parent=1335"}],"curies":[{"name":"wp","href":"https:\/\/api.w.org\/{rel}","templated":true}]}}